{"id":89,"date":"2023-05-05T13:26:49","date_gmt":"2023-05-05T13:26:49","guid":{"rendered":"https:\/\/rotary-club-kranj.si\/?page_id=89"},"modified":"2023-05-05T13:26:49","modified_gmt":"2023-05-05T13:26:49","slug":"pretekli-projekti-projects-in-the-past","status":"publish","type":"page","link":"https:\/\/rotary-club-kranj.si\/index.php\/pretekli-projekti-projects-in-the-past\/","title":{"rendered":"Pretekli projekti \/ Projects in the past"},"content":{"rendered":"\n<ul class=\"wp-block-list\">\n<li>Re\u0161evalni avto za Zdravstveni dom Kranj \/ <em>Rescue car for the Health Center Kranj<\/em><\/li>\n\n\n\n<li>Sponzorji spomenika Ivane Kobilice, Podbrezje \/ <em>Sponsors of the monument of Ivana Kobilica, Podbrezje<\/em><\/li>\n\n\n\n<li>Sponzorji obnove muzejskega eksponata \u2013 \u0161\u010dita pri izkopaninah, Kranj \/ <em>Sponsors of the renovation of the museum exhibit \u2013 shield in excavations, Kranj<\/em><\/li>\n\n\n\n<li>Prikolica za invalidski vozi\u010dek, Ptuj \/ <em>Wheelchair trailer, Ptuj<\/em><\/li>\n\n\n\n<li>Pomo\u010d mami samohranilki, \u0160en\u010dur \/ <em>Help for single mother, \u0160en\u010dur<\/em><\/li>\n\n\n\n<li>Opremili otro\u0161ke sobe po po\u017earu, Stra\u017ei\u0161\u010de \/ <em>Furnished children\u2019s rooms after a fire, Stra\u017ei\u0161\u010de<\/em><\/li>\n\n\n\n<li>Sponzorji klimatske naprave v Bolni\u0161nici Jesenice \/ <em>Air conditioning sponsors at the Jesenic<\/em>e Hospital<\/li>\n\n\n\n<li>\u0160tipendiranje nadarjenih \u0161tudentov \/ <em>Scholarship for gifted students<\/em><\/li>\n\n\n\n<li>Pla\u010dilo terapij po\u0161kodovancu po po\u0161kodbi glave \/ Payment of treatment to the injured person after a head injury<\/li>\n\n\n\n<li>Nakup inkubatorja, Porodni\u0161nica Kranj \/ <em>Purchase of incubator, Maternity hospital Kranj<\/em><\/li>\n\n\n\n<li>Varna hi\u0161a \/ <em>A safe house<\/em><\/li>\n\n\n\n<li>In\u0161trumenti za Glasbeno \u0161olo Kranj \/ <em>Instruments for Music School Kranj<\/em><\/li>\n\n\n\n<li>Po\u0161kodbe glave VDC \/ <em>Injuries of the head VDC<\/em><\/li>\n\n\n\n<li>Donacija za dom za ozdravljene odvisnike, Pristava pri Tr\u017ei\u010du, 40.000 \u20ac \/ <em>Donation for a home for healed addicts, Pristava near Tr\u017ei\u010d, \u20ac 40,000<\/em><\/li>\n<\/ul>\n","protected":false},"excerpt":{"rendered":"","protected":false},"author":1,"featured_media":0,"parent":0,"menu_order":0,"comment_status":"closed","ping_status":"closed","template":"","meta":{"footnotes":""},"class_list":["post-89","page","type-page","status-publish","hentry"],"_links":{"self":[{"href":"https:\/\/rotary-club-kranj.si\/index.php\/wp-json\/wp\/v2\/pages\/89","targetHints":{"allow":["GET"]}}],"collection":[{"href":"https:\/\/rotary-club-kranj.si\/index.php\/wp-json\/wp\/v2\/pages"}],"about":[{"href":"https:\/\/rotary-club-kranj.si\/index.php\/wp-json\/wp\/v2\/types\/page"}],"author":[{"embeddable":true,"href":"https:\/\/rotary-club-kranj.si\/index.php\/wp-json\/wp\/v2\/users\/1"}],"replies":[{"embeddable":true,"href":"https:\/\/rotary-club-kranj.si\/index.php\/wp-json\/wp\/v2\/comments?post=89"}],"version-history":[{"count":1,"href":"https:\/\/rotary-club-kranj.si\/index.php\/wp-json\/wp\/v2\/pages\/89\/revisions"}],"predecessor-version":[{"id":90,"href":"https:\/\/rotary-club-kranj.si\/index.php\/wp-json\/wp\/v2\/pages\/89\/revisions\/90"}],"wp:attachment":[{"href":"https:\/\/rotary-club-kranj.si\/index.php\/wp-json\/wp\/v2\/media?parent=89"}],"curies":[{"name":"wp","href":"https:\/\/api.w.org\/{rel}","templated":true}]}}