{"id":75,"date":"2023-05-05T13:08:50","date_gmt":"2023-05-05T13:08:50","guid":{"rendered":"https:\/\/rotary-club-kranj.si\/?page_id=75"},"modified":"2023-05-05T13:10:35","modified_gmt":"2023-05-05T13:10:35","slug":"robotiko-v-vsako-osnovno-solo-robotics-at-every-elementary-school","status":"publish","type":"page","link":"https:\/\/rotary-club-kranj.si\/index.php\/projekti-projects\/robotiko-v-vsako-osnovno-solo-robotics-at-every-elementary-school\/","title":{"rendered":"Robotiko v vsako osnovno \u0161olo \/ Robotics at every elementary school"},"content":{"rendered":"\n<p>Projekt je namenjen zbiranju sredstev za opremljanje u\u010dilnic robotike.<br>V \u0161estih letih smo opremili robotske u\u010dilnice osnovnih \u0161ol Predoslje, Simon Jenko, Stane \u017dagar, Orehek in Gimnazijo Franceta Pre\u0161erna.<br>Projekt bo spodbudil sodelovanje med osnovnimi in srednjimi \u0161olami.<\/p>\n\n\n\n<p><em>The project is intended to raise funds for equipping robotics classrooms.<br>In six years, we equipped robot classrooms in elementary schools Predoslje, Simon Jenko, Stane \u017dagar, Orehek and the Gymnasium of France Pre\u0161eren.<br>The project will encourage cooperation between primary and secondary schools.<\/em><\/p>\n","protected":false},"excerpt":{"rendered":"<p>Projekt je namenjen zbiranju sredstev za opremljanje u\u010dilnic robotike.V \u0161estih letih smo opremili robotske u\u010dilnice osnovnih \u0161ol Predoslje, Simon Jenko, Stane \u017dagar, Orehek in Gimnazijo Franceta Pre\u0161erna.Projekt bo spodbudil sodelovanje med osnovnimi in srednjimi \u0161olami. The project is intended to raise funds for equipping robotics classrooms.In six years, we equipped robot classrooms in elementary schools &hellip; <\/p>\n<p class=\"link-more\"><a href=\"https:\/\/rotary-club-kranj.si\/index.php\/projekti-projects\/robotiko-v-vsako-osnovno-solo-robotics-at-every-elementary-school\/\" class=\"more-link\">Read more<span class=\"screen-reader-text\"> &#8220;Robotiko v vsako osnovno \u0161olo \/ Robotics at every elementary school&#8221;<\/span><\/a><\/p>\n","protected":false},"author":2,"featured_media":0,"parent":5,"menu_order":2,"comment_status":"closed","ping_status":"closed","template":"","meta":{"footnotes":""},"class_list":["post-75","page","type-page","status-publish","hentry"],"_links":{"self":[{"href":"https:\/\/rotary-club-kranj.si\/index.php\/wp-json\/wp\/v2\/pages\/75","targetHints":{"allow":["GET"]}}],"collection":[{"href":"https:\/\/rotary-club-kranj.si\/index.php\/wp-json\/wp\/v2\/pages"}],"about":[{"href":"https:\/\/rotary-club-kranj.si\/index.php\/wp-json\/wp\/v2\/types\/page"}],"author":[{"embeddable":true,"href":"https:\/\/rotary-club-kranj.si\/index.php\/wp-json\/wp\/v2\/users\/2"}],"replies":[{"embeddable":true,"href":"https:\/\/rotary-club-kranj.si\/index.php\/wp-json\/wp\/v2\/comments?post=75"}],"version-history":[{"count":1,"href":"https:\/\/rotary-club-kranj.si\/index.php\/wp-json\/wp\/v2\/pages\/75\/revisions"}],"predecessor-version":[{"id":76,"href":"https:\/\/rotary-club-kranj.si\/index.php\/wp-json\/wp\/v2\/pages\/75\/revisions\/76"}],"up":[{"embeddable":true,"href":"https:\/\/rotary-club-kranj.si\/index.php\/wp-json\/wp\/v2\/pages\/5"}],"wp:attachment":[{"href":"https:\/\/rotary-club-kranj.si\/index.php\/wp-json\/wp\/v2\/media?parent=75"}],"curies":[{"name":"wp","href":"https:\/\/api.w.org\/{rel}","templated":true}]}}