{"id":73,"date":"2023-05-05T13:08:15","date_gmt":"2023-05-05T13:08:15","guid":{"rendered":"https:\/\/rotary-club-kranj.si\/?page_id=73"},"modified":"2023-05-05T13:08:15","modified_gmt":"2023-05-05T13:08:15","slug":"peljimo-otroke-na-morje-lets-take-the-children-to-the-sea","status":"publish","type":"page","link":"https:\/\/rotary-club-kranj.si\/index.php\/projekti-projects\/peljimo-otroke-na-morje-lets-take-the-children-to-the-sea\/","title":{"rendered":"Peljimo otroke na morje \/ Let\u2019s take the children to the sea"},"content":{"rendered":"\n<p>Vsako leto peljemo skupino otrok na letovanje na Debeli rti\u010d, letos bo \u017ee \u0161esti\u010d. Vsakokrat peljemo 12 \u2013 14 otrok, do sedaj smo peljali preko 90 otrok. Vodja projekta je Barbara Tav\u010dar.<\/p>\n\n\n\n<p><em>Every year, we take a group of children on a holiday on Debeli Rti\u010d, this year it will be sixth. Twelve to 14 children are taken each time, and we have taken more than 90 children to date. The project manager is Barbara Tav\u010dar.<\/em><\/p>\n","protected":false},"excerpt":{"rendered":"<p>Vsako leto peljemo skupino otrok na letovanje na Debeli rti\u010d, letos bo \u017ee \u0161esti\u010d. Vsakokrat peljemo 12 \u2013 14 otrok, do sedaj smo peljali preko 90 otrok. Vodja projekta je Barbara Tav\u010dar. Every year, we take a group of children on a holiday on Debeli Rti\u010d, this year it will be sixth. Twelve to 14 &hellip; <\/p>\n<p class=\"link-more\"><a href=\"https:\/\/rotary-club-kranj.si\/index.php\/projekti-projects\/peljimo-otroke-na-morje-lets-take-the-children-to-the-sea\/\" class=\"more-link\">Read more<span class=\"screen-reader-text\"> &#8220;Peljimo otroke na morje \/ Let\u2019s take the children to the sea&#8221;<\/span><\/a><\/p>\n","protected":false},"author":1,"featured_media":0,"parent":5,"menu_order":3,"comment_status":"closed","ping_status":"closed","template":"","meta":{"footnotes":""},"class_list":["post-73","page","type-page","status-publish","hentry"],"_links":{"self":[{"href":"https:\/\/rotary-club-kranj.si\/index.php\/wp-json\/wp\/v2\/pages\/73","targetHints":{"allow":["GET"]}}],"collection":[{"href":"https:\/\/rotary-club-kranj.si\/index.php\/wp-json\/wp\/v2\/pages"}],"about":[{"href":"https:\/\/rotary-club-kranj.si\/index.php\/wp-json\/wp\/v2\/types\/page"}],"author":[{"embeddable":true,"href":"https:\/\/rotary-club-kranj.si\/index.php\/wp-json\/wp\/v2\/users\/1"}],"replies":[{"embeddable":true,"href":"https:\/\/rotary-club-kranj.si\/index.php\/wp-json\/wp\/v2\/comments?post=73"}],"version-history":[{"count":1,"href":"https:\/\/rotary-club-kranj.si\/index.php\/wp-json\/wp\/v2\/pages\/73\/revisions"}],"predecessor-version":[{"id":74,"href":"https:\/\/rotary-club-kranj.si\/index.php\/wp-json\/wp\/v2\/pages\/73\/revisions\/74"}],"up":[{"embeddable":true,"href":"https:\/\/rotary-club-kranj.si\/index.php\/wp-json\/wp\/v2\/pages\/5"}],"wp:attachment":[{"href":"https:\/\/rotary-club-kranj.si\/index.php\/wp-json\/wp\/v2\/media?parent=73"}],"curies":[{"name":"wp","href":"https:\/\/api.w.org\/{rel}","templated":true}]}}