{"id":70,"date":"2023-05-05T13:06:36","date_gmt":"2023-05-05T13:06:36","guid":{"rendered":"https:\/\/rotary-club-kranj.si\/?page_id=70"},"modified":"2023-05-05T13:06:36","modified_gmt":"2023-05-05T13:06:36","slug":"tudi-ti-si-angel-you-are-an-angel-too","status":"publish","type":"page","link":"https:\/\/rotary-club-kranj.si\/index.php\/projekti-projects\/tudi-ti-si-angel-you-are-an-angel-too\/","title":{"rendered":"Tudi ti si Angel \/ You are an Angel too"},"content":{"rendered":"\n<p><strong>PREDSTAVITEV DOBRODELNEGA PROJEKTA<\/strong><br>FB stran projekta: www. facebook.com \u2013 Tudi TI si ANGEL<br><br>Rotary Klub Kranj je v sodelovanju s \u010dlanom kluba Janezom \u0160trosom v mesecu decembru leta 2016, ob izdaji njegove knjige z naslovom TUDI TI SI ANGEL, pri\u010del s posebnim projektom, to je projektom pomo\u010di otrokom s posebnimi potrebami.<br><br>Cilj projekta je pomagati ustanovam, v katerih so ti otroci sprejeti v vsej svoji posebnosti, tako v Sloveniji kot tudi v drugih dr\u017eavah. Ti otroci, dru\u017eba jih je poimenovala otroci s posebnimi potrebami, so \u201cna\u0161i\u201d otroci in si po na\u0161em mnenju zaslu\u017eijo ve\u010d na\u0161e pozornosti, saj so preve\u010dkrat porinjeni na rob dru\u017ebe ter nemalokrat tudi pozabljeni.<br><br>Vse to je pripomoglo k odlo\u010ditvi, da se projekt upravi\u010deno zastavi \u0161iroko in dolgoro\u010dno. Zavedamo se, da otroci so in bodo del na\u0161e dru\u017ebe, del na\u0161ih \u017eivljenj.<br><br>V preteklih dveh letih so bili storjeni prvi koraki pomo\u010di, prvi koraki k spremembam. Prvo spremembo so ob\u010dutili otroci v Osnovni \u0161oli Helene Puhar v Kranju, kjer smo opremili multisenzorno sobo in naredili \u010dutno pot, v Osnovni \u0161oli Janeza Levca v Ljubljani smo pomagali pri opremi dveh sob z gibalno senzorno opremo, v Osnovni \u0161oli Jela Jane\u017ei\u010da v \u0160kofji Loki smo sodelovali pri nabavi pripomo\u010dkov za multisenzorno sobo, z donacijo smo pomagali tudi dru\u0161tvu SON\u010cEK, donirali pa smo tudi sredstva za nevrofizioterapije.<br><br>Vsak doniran znesek je pripomogel, da se je \u017eivljenje teh otrok vsaj malce izbolj\u0161alo, obogatilo, spremenilo. Spoznanje, da le vztrajnost, sr\u010dno delo in zavedanje, da nekdo potrebuje prav TVOJO pomo\u010d, je glavno vodilo vsakega posameznika, ki sodeluje pri projektu.<br><br>Vizija in kon\u010dni cilj projekta Tudi TI si ANGEL je s skupnimi mo\u010dmi omogo\u010diti in posledi\u010dno tudi zagotoviti lep\u0161o prihodnost \u201cna\u0161ih\u201d otrok.<br><br>\u201cNa\u0161i\u201d otroci so otroci \u201cNa\u0161ega\u201d sveta, zato je eden izmed na\u0161ih ciljev ponesti projekt Tudi TI si ANGEL v \u0161irni svet.<br>Ponosni, predvsem pa veseli smo, da je bil prav projekt Tudi TI si ANGEL izbran, da ga predstavimo na konvenciji Rotary International v Hamburgu od 1.6.2019 do 5.6.2019.<br>Verjamemo, da je to tisti trenutek, ki bo pripomogel, da bomo dosegli cilj, ki ga s projektom zasledujemo.<br>Verjamemo, da je to trenutek, ko nam bo uspelo dotakniti se src ljudi ter tako dati projektu krila, da bo ponesen tudi v \u0161irni svet.<br><br><strong>O ciljih projekta Tudi TI si ANGEL:<\/strong><br>Na\u0161 osnovni cilj je zbrana sredstva nameniti ustanovam, kjer skrbijo za otroke s posebnimi potrebami. S sredstvi \u017eelimo pomagati pri nakupu tehni\u010dnih pripomo\u010dkov, opreme za multisenzorne in gibalno senzorne sobe, pri nakupu opreme glasbene sobe in \u0161e veliko ve\u010d, vse z namenom omogo\u010diti otrokom kvalitetnej\u0161e pre\u017eivljanje \u010dasa, razvijanje \u010dutil, razvijanje osebnosti, skratka, omogo\u010diti jim bolj\u0161i in lep\u0161i jutri.<br>\u201cV slogi je mo\u010d\u201d je rek, ki \u0161e kako mo\u010dno dr\u017ei. V Rotary Klub Kranj se zavedamo pomena tega reka, \u0161e posebej pa rezultatov, ki jih lahko s skupnimi mo\u010dmi dose\u017eemo.<br>K projektu \u017eelimo povabiti podjetja in posameznike, ki bodo donirali najmanj 20,00 EUR, pri \u010demer bodo v zahvalo prejeli knjigo z naslovom TUDI TI SI ANGEL, katere avtor je Janez \u0160tros.<br>Zatorej, Dragi prijatelji, Dragi donatorji,<br>projekt Tudi TI si ANGEL je lep projekt, mogo\u010de najlep\u0161i in najbolj plemenit in del tega ste lahko tudi VI. Zakaj najlep\u0161i? Prav preprosto\u2026\u2026opo<a href=\"http:\/\/www.rotary-klub-kranj.si\/dogodki\/help-ela-africa-sms-2020\/\">http:\/\/www.rotary-klub-kranj.si\/dogodki\/help-ela-africa-sms-2020\/<\/a>minja tako NAS kot tudi VAS, da so na svetu tudi otroci na katere tako hitro pozabimo, pa vendar so tu, prav med NAMI.<br><br>Na\u0161e velike \u017eelje in cilje lahko uresni\u010dimo v ve\u010dji meri, vendar samo z VA\u0160O pomo\u010djo, z VA\u0160O voljo, pogumom in \u017eeljo pomagati \u201cna\u0161im\u201d otrokom.<br>Janez \u0160tros<br><br><strong>Kenija<\/strong><br>Projekt pomaga tudi pri izgradnji izobra\u017eevalnega centra za otroke s posebnimi potrebami v Keniji, ki ga vodi Jana Dular Wang\u2019ombe.<br><br>Ve\u010d o pomo\u010di pri izgradnji \u0161ole na <a href=\"http:\/\/www.rotary-klub-kranj.si\/dogodki\/help-ela-africa-sms-2020\/\">ELA Africa<\/a><br><\/p>\n\n\n\n<hr class=\"wp-block-separator has-alpha-channel-opacity\"\/>\n\n\n\n<p><strong><em>PRESENTATION OF THE CHARITABLE PROJECT<\/em><\/strong><\/p>\n\n\n\n<p><em>Official title of the project: YOU Are an ANGEL Too (Slovene: Tudi TI si ANGEL)<br>FB page of the project: www. facebook.com \u2013 You are an Angel too<\/em><\/p>\n\n\n\n<p><em><strong>About the project YOU Are an ANGEL Too:<\/strong><br>In December 2016, upon publication of the book titled YOU ARE AN ANGEL TOO, the Kranj Rotary Club, in cooperation with its member and the writer of the said book Janez \u0160tros, started a very special project \u2013 Giving a helping hand to children with special needs.<br>The purpose of the project is to help the institutions in which these children are accepted in all their uniqueness, both here in Slovenia, and also elsewhere throughout the world. These children, who have been branded as \u201cchildren with special needs\u201d by the society, are \u201cour\u201d children, who deserve to be given greater consideration, as they have been pushed to the edge of the society and left to be forgotten far too often.<br>This is why we have made a decision to expand and plan our project in the long-term. We are only too well aware that these children are, and will be, part of our society, part of our lives.<br>In the past two years, we have made the first steps, the steps of help towards changes. The first to feel the changes were the children from the Helena Puhar Primary School in Kranj. We have, namely, equipped a multi-sensory room for them, and built a sensory path. Moreover, we have helped furnish two rooms with movement-sensory equipment in the Janez Levec Primary School in Ljubljana, and participated in the purchase of aids for the multi-sensory room in Jel Jane\u017ei\u010d Primary School in \u0160kofja Loka. In addition to that, we have helped the SON\u010cEK Society by giving them a donation, and we have also donated some funds for the provision of nurophysiotheraphy.<br>Every donated sum has helped to improve, enrich, and change the lives of these children at least somewhat. The realisation that only perseverance, hard work, and the awareness that someone needs YOUR help has been the guiding principle of each and every individual involved in the project.<br>The vision and the ultimate goal of the project YOU Are an ANGEL Too is to enable jointly and, thus, ensure a brighter future of \u201cour\u201d children.<br>\u201cOur\u201d children are the children of \u201cour\u201d world, therefore, one of our goals is to take the project YOU Are an ANGEL Too to the wider world.<br>We are proud, and, above all, pleased that it was precisely the project YOU Are an ANGEL Too that has been chosen to be presented at the Rotary International Convention in Hamburg, taking place from 1 to 5 June, 2019.<br>We believe that this is the moment that will contribute to our achieving the goal pursued by the project.<br>We are also certain that this is the moment when we will be able to touch the hearts of people and, thus, give wings to the project to be taken into the wider world.<br><br><br><strong>The goals of the project YOU Are an ANGEL Too:<\/strong><br>Our primary goal is to dedicate the resources raised to the institutions taking care of the children with special needs, and, thus, help them in the purchase of technical aids, equipment for the multi-sensory room, the movement-sensory room, the music room, and much more, all with the purpose of enabling these children a more quality use of time, and development of senses and personality. In short, we want to give them a better today for a brighter tomorrow.<br>\u201cMany hands make light work\u201d is a saying that still holds true. In Kranj Rotary Club we are aware of its meaning, and, in particular, the results that can be achieved if we all step together.<br>We would like to invite companies and individuals to the project and ask them to make donations in the sum of at least 20.00 EUR. As a way of thank you, all the donators will receive the book YOU ARE AN ANGEL TOO by Janez \u0160tros.<br>Therefore, dear friends and donators<br>the project YOU Are an ANGEL Too is a well-conceived project, part of which YOU can also become.<br>Our great wishes and goals however, can only be achieved in the largest possible manner, with YOUR help, YOUR willpower, courage, and desire to help \u201cour\u201d children.<br><br>project manager: Janez \u0160tros more information: stros.gallery@gmail.com<\/em><\/p>\n","protected":false},"excerpt":{"rendered":"<p>PREDSTAVITEV DOBRODELNEGA PROJEKTAFB stran projekta: www. facebook.com \u2013 Tudi TI si ANGEL Rotary Klub Kranj je v sodelovanju s \u010dlanom kluba Janezom \u0160trosom v mesecu decembru leta 2016, ob izdaji njegove knjige z naslovom TUDI TI SI ANGEL, pri\u010del s posebnim projektom, to je projektom pomo\u010di otrokom s posebnimi potrebami. Cilj projekta je pomagati ustanovam, &hellip; <\/p>\n<p class=\"link-more\"><a href=\"https:\/\/rotary-club-kranj.si\/index.php\/projekti-projects\/tudi-ti-si-angel-you-are-an-angel-too\/\" class=\"more-link\">Read more<span class=\"screen-reader-text\"> &#8220;Tudi ti si Angel \/ You are an Angel too&#8221;<\/span><\/a><\/p>\n","protected":false},"author":1,"featured_media":0,"parent":5,"menu_order":1,"comment_status":"closed","ping_status":"closed","template":"","meta":{"footnotes":""},"class_list":["post-70","page","type-page","status-publish","hentry"],"_links":{"self":[{"href":"https:\/\/rotary-club-kranj.si\/index.php\/wp-json\/wp\/v2\/pages\/70","targetHints":{"allow":["GET"]}}],"collection":[{"href":"https:\/\/rotary-club-kranj.si\/index.php\/wp-json\/wp\/v2\/pages"}],"about":[{"href":"https:\/\/rotary-club-kranj.si\/index.php\/wp-json\/wp\/v2\/types\/page"}],"author":[{"embeddable":true,"href":"https:\/\/rotary-club-kranj.si\/index.php\/wp-json\/wp\/v2\/users\/1"}],"replies":[{"embeddable":true,"href":"https:\/\/rotary-club-kranj.si\/index.php\/wp-json\/wp\/v2\/comments?post=70"}],"version-history":[{"count":1,"href":"https:\/\/rotary-club-kranj.si\/index.php\/wp-json\/wp\/v2\/pages\/70\/revisions"}],"predecessor-version":[{"id":71,"href":"https:\/\/rotary-club-kranj.si\/index.php\/wp-json\/wp\/v2\/pages\/70\/revisions\/71"}],"up":[{"embeddable":true,"href":"https:\/\/rotary-club-kranj.si\/index.php\/wp-json\/wp\/v2\/pages\/5"}],"wp:attachment":[{"href":"https:\/\/rotary-club-kranj.si\/index.php\/wp-json\/wp\/v2\/media?parent=70"}],"curies":[{"name":"wp","href":"https:\/\/api.w.org\/{rel}","templated":true}]}}