{"id":7,"date":"2023-05-05T10:31:41","date_gmt":"2023-05-05T10:31:41","guid":{"rendered":"https:\/\/rotary-club-kranj.si\/?page_id=7"},"modified":"2025-11-18T09:22:33","modified_gmt":"2025-11-18T09:22:33","slug":"o-nas-about-us","status":"publish","type":"page","link":"https:\/\/rotary-club-kranj.si\/index.php\/o-nas-about-us\/","title":{"rendered":"O nas \/ About us"},"content":{"rendered":"\n<p>Na\u0161a misija je pomagati pomo\u010di potrebnim in \u0161iriti medsebojno prijateljstvo.<\/p>\n\n\n\n<p>Smo organizacija, ki temelji na na\u010delih prijateljevanja ljudi razli\u010dnih poklicev in poslovnega udejstvovanja, predanih humanitarni miselnosti.<\/p>\n\n\n\n<p><\/p>\n\n\n\n<p>Rotary Club Kranj<br>Distrikt: 1912<br>Klub ID: 50917<br>Po\u0161tni naslov: Predoslje 39, 4000 Kranj<br>e-naslov: info@rotary-club-kranj.si<br>Predsednik:\u00a0Sandi Dornik<br>Podpredsednik: Bogdan Debeljak<br>Sekretar: Matej Rihter<br>Sekretar 2: Jo\u017ee \u0160ink<\/p>\n\n\n\n<p>Sre\u010danja: Elegans Hotel, Posest Brdo, Predoslje 39, 4000 Kranj, vsak ponedeljek ob 19.30<\/p>\n\n\n\n<p>TRR za \u010dlanarino:<br>NLB SI56 0206 8003 5020 429<\/p>\n\n\n\n<p>TRR za projekt Tudi ti si Angel:<br>NLB Nova Ljubljanska banka d.d., Ljubljana:&nbsp;<br>IBAN: SI56 0284 3026 3087 557&nbsp;&nbsp;<br>BIC: LJBASI2K<\/p>\n\n\n\n<hr class=\"wp-block-separator has-alpha-channel-opacity\"\/>\n\n\n\n<p><em>Our mission is to help help and to expand mutual friendship.<br><br>We are an organization based on the principles of friendship of people of different professions and business engagement committed to humanitarian thought.<br><\/em><\/p>\n\n\n\n<p><em>Rotary Club Kranj<br>District: 1912<br>Club ID: 50917<br>Post address: Predoslje 39, 4000 Kranj, Slovenia, Europe<br>e-mail: info@rotary-club-kranj.si<br>President: <em><em>Sandi Dornik<\/em><\/em><\/em><br>Vice-president: <em><em><em><em>Bogdan Debeljak<\/em><\/em><\/em><br>Secretar: <em>Matej Rihter<\/em><br>Secretar 2: Jo\u017ee \u0160ink<br>Meetings: Elegans Hotel, Brdo Estate, Predoslje 39, 4000 Kranj, every Monday 7.30 PM<br><br>Bank account for the project You are an Angel as well at:<\/em><br><em>NLB Nova Ljubljanska banka d.d., Ljubljana:\u00a0<br>IBAN: SI56 0284 3026 3087 557\u00a0\u00a0<br>BIC: LJBASI2K<\/em><\/p>\n\n\n\n<figure class=\"wp-block-image size-large\"><img loading=\"lazy\" decoding=\"async\" width=\"1024\" height=\"476\" src=\"https:\/\/rotary-club-kranj.si\/wp-content\/uploads\/2023\/06\/RCK_2023a-1024x476.jpg\" alt=\"\" class=\"wp-image-179\" srcset=\"https:\/\/rotary-club-kranj.si\/wp-content\/uploads\/2023\/06\/RCK_2023a-1024x476.jpg 1024w, https:\/\/rotary-club-kranj.si\/wp-content\/uploads\/2023\/06\/RCK_2023a-300x140.jpg 300w, https:\/\/rotary-club-kranj.si\/wp-content\/uploads\/2023\/06\/RCK_2023a-768x357.jpg 768w, https:\/\/rotary-club-kranj.si\/wp-content\/uploads\/2023\/06\/RCK_2023a.jpg 1331w\" sizes=\"auto, (max-width: 1024px) 100vw, 1024px\" \/><\/figure>\n\n\n\n<figure class=\"wp-block-image size-large\"><img loading=\"lazy\" decoding=\"async\" width=\"435\" height=\"1024\" src=\"https:\/\/rotary-club-kranj.si\/wp-content\/uploads\/2023\/05\/Pingvin2023a3-435x1024.jpg\" alt=\"\" class=\"wp-image-173\" srcset=\"https:\/\/rotary-club-kranj.si\/wp-content\/uploads\/2023\/05\/Pingvin2023a3-435x1024.jpg 435w, https:\/\/rotary-club-kranj.si\/wp-content\/uploads\/2023\/05\/Pingvin2023a3-127x300.jpg 127w, https:\/\/rotary-club-kranj.si\/wp-content\/uploads\/2023\/05\/Pingvin2023a3-768x1809.jpg 768w, https:\/\/rotary-club-kranj.si\/wp-content\/uploads\/2023\/05\/Pingvin2023a3-652x1536.jpg 652w, https:\/\/rotary-club-kranj.si\/wp-content\/uploads\/2023\/05\/Pingvin2023a3-870x2048.jpg 870w, https:\/\/rotary-club-kranj.si\/wp-content\/uploads\/2023\/05\/Pingvin2023a3.jpg 999w\" sizes=\"auto, (max-width: 435px) 100vw, 435px\" \/><\/figure>\n","protected":false},"excerpt":{"rendered":"<p>Na\u0161a misija je pomagati pomo\u010di potrebnim in \u0161iriti medsebojno prijateljstvo. Smo organizacija, ki temelji na na\u010delih prijateljevanja ljudi razli\u010dnih poklicev in poslovnega udejstvovanja, predanih humanitarni miselnosti. Rotary Club KranjDistrikt: 1912Klub ID: 50917Po\u0161tni naslov: Predoslje 39, 4000 Kranje-naslov: info@rotary-club-kranj.siPredsednik:\u00a0Sandi DornikPodpredsednik: Bogdan DebeljakSekretar: Matej RihterSekretar 2: Jo\u017ee \u0160ink Sre\u010danja: Elegans Hotel, Posest Brdo, Predoslje 39, 4000 Kranj, &hellip; <\/p>\n<p class=\"link-more\"><a href=\"https:\/\/rotary-club-kranj.si\/index.php\/o-nas-about-us\/\" class=\"more-link\">Read more<span class=\"screen-reader-text\"> &#8220;O nas \/ About us&#8221;<\/span><\/a><\/p>\n","protected":false},"author":2,"featured_media":0,"parent":0,"menu_order":0,"comment_status":"closed","ping_status":"closed","template":"templates\/fullwidth.php","meta":{"footnotes":""},"class_list":["post-7","page","type-page","status-publish","hentry"],"_links":{"self":[{"href":"https:\/\/rotary-club-kranj.si\/index.php\/wp-json\/wp\/v2\/pages\/7","targetHints":{"allow":["GET"]}}],"collection":[{"href":"https:\/\/rotary-club-kranj.si\/index.php\/wp-json\/wp\/v2\/pages"}],"about":[{"href":"https:\/\/rotary-club-kranj.si\/index.php\/wp-json\/wp\/v2\/types\/page"}],"author":[{"embeddable":true,"href":"https:\/\/rotary-club-kranj.si\/index.php\/wp-json\/wp\/v2\/users\/2"}],"replies":[{"embeddable":true,"href":"https:\/\/rotary-club-kranj.si\/index.php\/wp-json\/wp\/v2\/comments?post=7"}],"version-history":[{"count":16,"href":"https:\/\/rotary-club-kranj.si\/index.php\/wp-json\/wp\/v2\/pages\/7\/revisions"}],"predecessor-version":[{"id":607,"href":"https:\/\/rotary-club-kranj.si\/index.php\/wp-json\/wp\/v2\/pages\/7\/revisions\/607"}],"wp:attachment":[{"href":"https:\/\/rotary-club-kranj.si\/index.php\/wp-json\/wp\/v2\/media?parent=7"}],"curies":[{"name":"wp","href":"https:\/\/api.w.org\/{rel}","templated":true}]}}